{"id":11,"date":"2012-09-07T09:45:39","date_gmt":"2012-09-07T09:45:39","guid":{"rendered":"http:\/\/dimitroff-geigen.de\/?page_id=11"},"modified":"2016-11-07T13:37:34","modified_gmt":"2016-11-07T13:37:34","slug":"julia-dimitroff","status":"publish","type":"page","link":"http:\/\/dimitroff-geigen.de\/?page_id=11","title":{"rendered":"zur Person"},"content":{"rendered":"<p><a href=\"http:\/\/dimitroff-geigen.de\/wp-content\/uploads\/2012\/09\/DSC_56901.jpg\"><img loading=\"lazy\" decoding=\"async\" class=\"alignnone size-medium wp-image-35\" title=\"DSC_5690\" src=\"http:\/\/dimitroff-geigen.de\/wp-content\/uploads\/2012\/09\/DSC_56901-300x199.jpg\" alt=\"\" width=\"300\" height=\"199\" srcset=\"http:\/\/dimitroff-geigen.de\/wp-content\/uploads\/2012\/09\/DSC_56901-300x199.jpg 300w, http:\/\/dimitroff-geigen.de\/wp-content\/uploads\/2012\/09\/DSC_56901-1024x680.jpg 1024w, http:\/\/dimitroff-geigen.de\/wp-content\/uploads\/2012\/09\/DSC_56901.jpg 1280w\" sizes=\"auto, (max-width: 300px) 100vw, 300px\" \/><\/a><\/p>\n<p>Mit sechs Jahren hab ich mein erstes St\u00fcck Holz in der Werkstatt meines Gro\u00dfvaters gehobelt und wollte fortan nur noch mit Holz spielen. Mit sieben Jahren begann ich Cello zu lernen. Mit 13 Jahren habe ich in der Werkstatt von Geigenbaumeister Claus &#8211; Dieter Jung mein Cello auseinandergenommen und unter seiner Anleitung repariert.<br \/>\nMit 16 begann ich meine vierj\u00e4hrige Ausbildung und Gesellenzeit in Markneukirchen bei Lothar Sandner, Eberhard Meinel und Joseph Saumer. In dieser Zeit spielte ich intensiv Cello, war Mitglied im Markneukircher Handwerkerorchester und gewann den Leistungsvergleich der Jugend im Bezirk Karl-Marx-Stadt mit der 5. Solosuite von Bach. Ab 1984 arbeitete ich unter Leitung des Geigenbauers und Restaurators und Mitbegr\u00fcnders der Akademie f\u00fcr alte Musik Peter Liersch in Berlin. W\u00e4hrend dieser Zeit absolvierte ich neben meiner Arbeit in der Werkstatt ein Fachschulfernstudium zur Restauratorin f\u00fcr Streichinstrumente an der Kunsthochschule Dresden. Nach dem fr\u00fchen Tod meines Mentors Peter Liersch \u00fcbernahm ich mit 23 Jahren die Werkstatt.<br \/>\nAnfang der 90er\u00a0 Jahre arbeitete ich bei Geigenbaumeister K\u00e4gi in Berlin.<br \/>\nBis Mitte der Neunziger Jahre f\u00fchrten mich meine Wanderjahre mit Hobel und Cello durch Europa u.a. Mailand, Barcelona, Montpellier und Amerika u.a. San Francisco, Portland, Lima und La Paz.<br \/>\n1997 brachte ich meine Tochter zur Welt.<br \/>\nIm Jahr 2006 er\u00f6ffnete ich meine eigene Werkstatt in Berlin-Pankow direkt neben dem Rathaus.<br \/>\nMit mehr als 30 Jahren Berufserfahrung bin ich\u00a0in den letzten Jahren erfolgreich im Neubau nach eigenen Modellen, in der Restaurierung von hochwertigen historischen Instrumenten und in der Klangeinstellung.<br \/>\nMeine Kunden sind Mitglieder des DSO, des Konzerthausorchesters, der Staatsoper und der Komischen Oper Berlin, den M\u00fcnchner Sinfonikern, dem Cape Philharmonic Orchestra S\u00fcdafrika, dem Texas Philharmonic Orchestra und weitere internationale Ensembles und Solisten.<\/p>\n","protected":false},"excerpt":{"rendered":"<p>Mit sechs Jahren hab ich mein erstes St\u00fcck Holz in der Werkstatt meines Gro\u00dfvaters gehobelt und wollte fortan nur noch mit Holz spielen. Mit sieben Jahren begann ich [..]<\/p>\n","protected":false},"author":1,"featured_media":0,"parent":0,"menu_order":0,"comment_status":"open","ping_status":"open","template":"","meta":{"footnotes":""},"class_list":["post-11","page","type-page","status-publish","hentry"],"_links":{"self":[{"href":"http:\/\/dimitroff-geigen.de\/index.php?rest_route=\/wp\/v2\/pages\/11","targetHints":{"allow":["GET"]}}],"collection":[{"href":"http:\/\/dimitroff-geigen.de\/index.php?rest_route=\/wp\/v2\/pages"}],"about":[{"href":"http:\/\/dimitroff-geigen.de\/index.php?rest_route=\/wp\/v2\/types\/page"}],"author":[{"embeddable":true,"href":"http:\/\/dimitroff-geigen.de\/index.php?rest_route=\/wp\/v2\/users\/1"}],"replies":[{"embeddable":true,"href":"http:\/\/dimitroff-geigen.de\/index.php?rest_route=%2Fwp%2Fv2%2Fcomments&post=11"}],"version-history":[{"count":9,"href":"http:\/\/dimitroff-geigen.de\/index.php?rest_route=\/wp\/v2\/pages\/11\/revisions"}],"predecessor-version":[{"id":327,"href":"http:\/\/dimitroff-geigen.de\/index.php?rest_route=\/wp\/v2\/pages\/11\/revisions\/327"}],"wp:attachment":[{"href":"http:\/\/dimitroff-geigen.de\/index.php?rest_route=%2Fwp%2Fv2%2Fmedia&parent=11"}],"curies":[{"name":"wp","href":"https:\/\/api.w.org\/{rel}","templated":true}]}}