{"id":2,"date":"2012-09-06T19:44:12","date_gmt":"2012-09-06T19:44:12","guid":{"rendered":"http:\/\/dimitroff-geigen.de\/?page_id=2"},"modified":"2015-09-07T18:13:35","modified_gmt":"2015-09-07T18:13:35","slug":"sample-page","status":"publish","type":"page","link":"http:\/\/dimitroff-geigen.de\/?page_id=2","title":{"rendered":"Werkstatt"},"content":{"rendered":"<h3>Der dunkle alte B\u00f6hme singt wieder &#8211; eine lange Reparaturgeschichte hat nun ihr gl\u00fcckliches Ende gefunden<\/h3>\n<p><a href=\"http:\/\/dimitroff-geigen.de\/wp-content\/uploads\/2014\/01\/DSC_0039.jpg\"><img loading=\"lazy\" decoding=\"async\" class=\"aligncenter size-medium wp-image-196\" src=\"http:\/\/dimitroff-geigen.de\/wp-content\/uploads\/2014\/01\/DSC_0039-199x300.jpg\" alt=\"DSC_0039\" width=\"199\" height=\"300\" srcset=\"http:\/\/dimitroff-geigen.de\/wp-content\/uploads\/2014\/01\/DSC_0039-199x300.jpg 199w, http:\/\/dimitroff-geigen.de\/wp-content\/uploads\/2014\/01\/DSC_0039.jpg 426w\" sizes=\"auto, (max-width: 199px) 100vw, 199px\" \/><\/a><\/p>\n<p><img loading=\"lazy\" decoding=\"async\" class=\"alignright size-medium wp-image-215\" src=\"http:\/\/dimitroff-geigen.de\/wp-content\/uploads\/2014\/01\/DSC04454-300x198.jpg\" alt=\"DSC04454\" width=\"300\" height=\"198\" srcset=\"http:\/\/dimitroff-geigen.de\/wp-content\/uploads\/2014\/01\/DSC04454-300x198.jpg 300w, http:\/\/dimitroff-geigen.de\/wp-content\/uploads\/2014\/01\/DSC04454.jpg 640w\" sizes=\"auto, (max-width: 300px) 100vw, 300px\" \/><\/p>\n<p>Dieser Kontrabass hat im Laufe seines fast 2oo j\u00e4hrigen Lebens einiges erlebt\u00a0und auch erlitten. Davon zeugen viele Spuren wie man hier gut sehen kann &#8211; \u00a0au\u00dfen :<\/p>\n<p>und besonders innen:<\/p>\n<p><a href=\"http:\/\/dimitroff-geigen.de\/wp-content\/uploads\/2014\/01\/DSC04464.jpg\"><img loading=\"lazy\" decoding=\"async\" class=\"alignleft size-medium wp-image-217\" src=\"http:\/\/dimitroff-geigen.de\/wp-content\/uploads\/2014\/01\/DSC04464-300x225.jpg\" alt=\"DSC04464\" width=\"300\" height=\"225\" srcset=\"http:\/\/dimitroff-geigen.de\/wp-content\/uploads\/2014\/01\/DSC04464-300x225.jpg 300w, http:\/\/dimitroff-geigen.de\/wp-content\/uploads\/2014\/01\/DSC04464.jpg 640w\" sizes=\"auto, (max-width: 300px) 100vw, 300px\" \/><\/a><\/p>\n<p>&nbsp;<\/p>\n<p>jeder Riss bekommt seine Risskl\u00f6tzchen &#8230; \u00a0 \u00a0und der F-Klappenriss bekommt ein extra gro\u00dfes &#8211; besonders wenn er (der F-Klappenriss) noch gar nicht da ist, zur Prophylaxe sozusagen &#8211; dieses Risskl\u00f6tzchen hat definitiv gehalten.<\/p>\n<p><a href=\"http:\/\/dimitroff-geigen.de\/wp-content\/uploads\/2014\/01\/DSC04451.jpg\"><img loading=\"lazy\" decoding=\"async\" class=\"alignright size-medium wp-image-214\" src=\"http:\/\/dimitroff-geigen.de\/wp-content\/uploads\/2014\/01\/DSC04451-300x225.jpg\" alt=\"DSC04451\" width=\"300\" height=\"225\" srcset=\"http:\/\/dimitroff-geigen.de\/wp-content\/uploads\/2014\/01\/DSC04451-300x225.jpg 300w, http:\/\/dimitroff-geigen.de\/wp-content\/uploads\/2014\/01\/DSC04451.jpg 640w\" sizes=\"auto, (max-width: 300px) 100vw, 300px\" \/><\/a><\/p>\n<p>&nbsp;<\/p>\n<p>An dieser Ecke wurde ich beim \u00d6ffnen des Basses besonders vorsichtig<\/p>\n<p>und hier zeigt sich auch warum<\/p>\n<p><a href=\"http:\/\/dimitroff-geigen.de\/wp-content\/uploads\/2014\/01\/DSC04478.jpg\"><img loading=\"lazy\" decoding=\"async\" class=\"alignleft size-medium wp-image-222\" src=\"http:\/\/dimitroff-geigen.de\/wp-content\/uploads\/2014\/01\/DSC04478-300x225.jpg\" alt=\"DSC04478\" width=\"300\" height=\"225\" srcset=\"http:\/\/dimitroff-geigen.de\/wp-content\/uploads\/2014\/01\/DSC04478-300x225.jpg 300w, http:\/\/dimitroff-geigen.de\/wp-content\/uploads\/2014\/01\/DSC04478.jpg 640w\" sizes=\"auto, (max-width: 300px) 100vw, 300px\" \/><\/a><\/p>\n<p>&nbsp;<\/p>\n<p>&nbsp;<\/p>\n<p>Jahrhundertealter Leim, wild zusammengestopfte Splitter und ein Kitt j\u00fcngeren Datums formten diese Ecke, was hier auf diesem Bild links zur Eckeform noch fehlt ist einfach zerbr\u00f6selt, als ich mit Hammer und Trennmesser ganz zart die Decke vom Korpus l\u00f6ste.<\/p>\n<p>&nbsp;<\/p>\n<p>&nbsp;<\/p>\n<p><a href=\"http:\/\/dimitroff-geigen.de\/wp-content\/uploads\/2014\/01\/DSC04474.jpg\"><img loading=\"lazy\" decoding=\"async\" class=\"alignleft size-medium wp-image-221\" src=\"http:\/\/dimitroff-geigen.de\/wp-content\/uploads\/2014\/01\/DSC04474-300x225.jpg\" alt=\"DSC04474\" width=\"300\" height=\"225\" srcset=\"http:\/\/dimitroff-geigen.de\/wp-content\/uploads\/2014\/01\/DSC04474-300x225.jpg 300w, http:\/\/dimitroff-geigen.de\/wp-content\/uploads\/2014\/01\/DSC04474.jpg 640w\" sizes=\"auto, (max-width: 300px) 100vw, 300px\" \/><\/a><\/p>\n<p>Hier eine Ecke die noch fast intakt war, allerdings stur gehalten von einem handgeschmiedeten vierkantigen d\u00fcnnen Eisennagel, wie auch die ganze \u00fcbrige Decke. Insgesamt habe ich \u00fcber 50 N\u00e4gel herausgezogen. Vermutlich waren es um 80 St\u00fcck, soviel winzige L\u00f6cher mit Rostspuren habe ich entlang des Deckenrandes gez\u00e4hlt.<a href=\"http:\/\/dimitroff-geigen.de\/wp-content\/uploads\/2014\/01\/DSC04462.jpg\"><img loading=\"lazy\" decoding=\"async\" class=\"alignright size-medium wp-image-216\" src=\"http:\/\/dimitroff-geigen.de\/wp-content\/uploads\/2014\/01\/DSC04462-300x225.jpg\" alt=\"DSC04462\" width=\"300\" height=\"225\" \/><\/a><\/p>\n<p>&nbsp;<\/p>\n<p>Endlich nach drei Tagen war die Decke ab. Und wie man rechts neben dem Ba\u00dfbalken gut erkennen kann war schon jemand vor mir da. Eine Inschrift, die ich leider nicht entziffern konnte &#8211; schade.<a href=\"http:\/\/dimitroff-geigen.de\/wp-content\/uploads\/2014\/01\/DSC04472.jpg\"><img loading=\"lazy\" decoding=\"async\" class=\"alignleft size-medium wp-image-220\" src=\"http:\/\/dimitroff-geigen.de\/wp-content\/uploads\/2014\/01\/DSC04472-300x225.jpg\" alt=\"DSC04472\" width=\"300\" height=\"225\" srcset=\"http:\/\/dimitroff-geigen.de\/wp-content\/uploads\/2014\/01\/DSC04472-300x225.jpg 300w, http:\/\/dimitroff-geigen.de\/wp-content\/uploads\/2014\/01\/DSC04472.jpg 640w\" sizes=\"auto, (max-width: 300px) 100vw, 300px\" \/><\/a><\/p>\n<p>&nbsp;<\/p>\n<h3><\/h3>\n<p>Daf\u00fcr ist hier zumindest eine Jahreszahl gut zu erkennen<\/p>\n<p>&#8220;1873&#8221; &#8211; es handelt sich um Reparaturinschriften in der Decke und nicht um das Baujahr.<\/p>\n<h3><\/h3>\n<p><a href=\"http:\/\/dimitroff-geigen.de\/wp-content\/uploads\/2014\/01\/DSC04530.jpg\"><img loading=\"lazy\" decoding=\"async\" class=\"alignright size-medium wp-image-225\" src=\"http:\/\/dimitroff-geigen.de\/wp-content\/uploads\/2014\/01\/DSC04530-300x225.jpg\" alt=\"DSC04530\" width=\"300\" height=\"225\" srcset=\"http:\/\/dimitroff-geigen.de\/wp-content\/uploads\/2014\/01\/DSC04530-300x225.jpg 300w, http:\/\/dimitroff-geigen.de\/wp-content\/uploads\/2014\/01\/DSC04530.jpg 640w\" sizes=\"auto, (max-width: 300px) 100vw, 300px\" \/><\/a><\/p>\n<h3><\/h3>\n<h3>Hier ist die Decke schon auf dem Wege der Besserung: s\u00e4mtlichen Risse sind von altem Leim und schlechtsitzenden Risskl\u00f6tzchen befreit, geschlossen und \u00a0ein sch\u00f6nes nicht zu gro\u00dfes Stimmfutter ist eingepasst.<\/h3>\n<h3><\/h3>\n<h3><\/h3>\n<h3><a href=\"http:\/\/dimitroff-geigen.de\/wp-content\/uploads\/2014\/01\/DSC04529.jpg\"><img loading=\"lazy\" decoding=\"async\" class=\"alignleft size-medium wp-image-224\" src=\"http:\/\/dimitroff-geigen.de\/wp-content\/uploads\/2014\/01\/DSC04529-300x225.jpg\" alt=\"DSC04529\" width=\"300\" height=\"225\" srcset=\"http:\/\/dimitroff-geigen.de\/wp-content\/uploads\/2014\/01\/DSC04529-300x225.jpg 300w, http:\/\/dimitroff-geigen.de\/wp-content\/uploads\/2014\/01\/DSC04529.jpg 640w\" sizes=\"auto, (max-width: 300px) 100vw, 300px\" \/><\/a>Hier ist der F-Klappenri\u00dfklotz nur noch 2,5 mm hoch (vorher 9 mm), zu stark ausgefranste Randstellen habe ich aufgeplattet, und dieser Unterbug-Fl\u00fcgel mu\u00dfte erneuert werden.<\/h3>\n<h3><a href=\"http:\/\/dimitroff-geigen.de\/wp-content\/uploads\/2014\/01\/DSC04571.jpg\"><img loading=\"lazy\" decoding=\"async\" class=\"alignright size-medium wp-image-227\" src=\"http:\/\/dimitroff-geigen.de\/wp-content\/uploads\/2014\/01\/DSC04571-225x300.jpg\" alt=\"DSC04571\" width=\"225\" height=\"300\" srcset=\"http:\/\/dimitroff-geigen.de\/wp-content\/uploads\/2014\/01\/DSC04571-225x300.jpg 225w, http:\/\/dimitroff-geigen.de\/wp-content\/uploads\/2014\/01\/DSC04571.jpg 480w\" sizes=\"auto, (max-width: 225px) 100vw, 225px\" \/><\/a><\/h3>\n<h3><\/h3>\n<h3><\/h3>\n<h3><\/h3>\n<p>Nun ist die Decke fertig zum Aufleimen.<\/p>\n<h3><a href=\"http:\/\/dimitroff-geigen.de\/wp-content\/uploads\/2014\/01\/DSC04574.jpg\"><img loading=\"lazy\" decoding=\"async\" class=\"alignleft size-medium wp-image-228\" src=\"http:\/\/dimitroff-geigen.de\/wp-content\/uploads\/2014\/01\/DSC04574-300x225.jpg\" alt=\"DSC04574\" width=\"300\" height=\"225\" srcset=\"http:\/\/dimitroff-geigen.de\/wp-content\/uploads\/2014\/01\/DSC04574-300x225.jpg 300w, http:\/\/dimitroff-geigen.de\/wp-content\/uploads\/2014\/01\/DSC04574.jpg 640w\" sizes=\"auto, (max-width: 300px) 100vw, 300px\" \/><\/a><\/h3>\n<h3><\/h3>\n<h3><\/h3>\n<h3><\/h3>\n<h3><\/h3>\n<p>Endlich sitzen die Zwingen fest &#8230;<\/p>\n<p><a href=\"http:\/\/dimitroff-geigen.de\/wp-content\/uploads\/2014\/01\/DSC04539.jpg\"><img loading=\"lazy\" decoding=\"async\" class=\"alignright size-medium wp-image-226\" src=\"http:\/\/dimitroff-geigen.de\/wp-content\/uploads\/2014\/01\/DSC04539-225x300.jpg\" alt=\"DSC04539\" width=\"225\" height=\"300\" srcset=\"http:\/\/dimitroff-geigen.de\/wp-content\/uploads\/2014\/01\/DSC04539-225x300.jpg 225w, http:\/\/dimitroff-geigen.de\/wp-content\/uploads\/2014\/01\/DSC04539.jpg 480w\" sizes=\"auto, (max-width: 225px) 100vw, 225px\" \/><\/a><\/p>\n<p>&nbsp;<\/p>\n<p>&#8230; und 24 h sp\u00e4ter &#8211; die Decke ist aufgeleimt, alle Zwingen sind ab. Morgen geht es weiter.<\/p>\n<p>&nbsp;<\/p>\n<p>&nbsp;<\/p>\n<p>&nbsp;<\/p>\n<p>&nbsp;<\/p>\n<p>&nbsp;<\/p>\n<p>&nbsp;<\/p>\n<h3>&#8212;&#8212;&#8212;&#8212;&#8212;&#8212;&#8212;&#8212;&#8212;&#8212;&#8212;&#8212;&#8212;&#8212;&#8212;&#8212;&#8212;&#8212;&#8212;&#8212;&#8212;&#8212;&#8212;&#8212;&#8212;&#8212;&#8212;&#8212;&#8212;&#8212;&#8212;&#8212;&#8212;&#8212;&#8212;-<\/h3>\n<h3>Impressionen von der Reparatur eines \u00fcber hundertj\u00e4hrigen franz\u00f6sischen Cellos<\/h3>\n<p><a href=\"http:\/\/dimitroff-geigen.de\/wp-content\/uploads\/2012\/09\/CelloLaberte.jpg\"><img loading=\"lazy\" decoding=\"async\" class=\"alignleft size-medium wp-image-156\" src=\"http:\/\/dimitroff-geigen.de\/wp-content\/uploads\/2012\/09\/CelloLaberte-300x225.jpg\" alt=\"CelloLaberte\" width=\"300\" height=\"225\" srcset=\"http:\/\/dimitroff-geigen.de\/wp-content\/uploads\/2012\/09\/CelloLaberte-300x225.jpg 300w, http:\/\/dimitroff-geigen.de\/wp-content\/uploads\/2012\/09\/CelloLaberte.jpg 640w\" sizes=\"auto, (max-width: 300px) 100vw, 300px\" \/><\/a><\/p>\n<p>&nbsp;<\/p>\n<p>Im vergangenen Jahr war dieses alte franz\u00f6sische Cello f\u00fcr eine l\u00e4ngere Zeit zu Gast in meiner Werkstatt. Es war auf der B\u00fchne umgest\u00fcrzt und auf den Steg gefallen. Die Folge war ein durchg\u00e4ngiger Bassbalkenri\u00df &#8211; auf dem Foto gut zu erkennen.<\/p>\n<p>&nbsp;<\/p>\n<p>&nbsp;<\/p>\n<p>Das Cello mu\u00dfte ge\u00f6ffnet werden. \u00a0Dabei stellte sich heraus, dass die Decke oft und schlecht repariert worden war und auch noch viel zu d\u00fcnn geworden war.\u00a0<a href=\"http:\/\/dimitroff-geigen.de\/wp-content\/uploads\/2012\/09\/2Cello.jpg\"><img loading=\"lazy\" decoding=\"async\" class=\"alignleft size-medium wp-image-157\" src=\"http:\/\/dimitroff-geigen.de\/wp-content\/uploads\/2012\/09\/2Cello-300x225.jpg\" alt=\"2Cello\" width=\"300\" height=\"225\" srcset=\"http:\/\/dimitroff-geigen.de\/wp-content\/uploads\/2012\/09\/2Cello-300x225.jpg 300w, http:\/\/dimitroff-geigen.de\/wp-content\/uploads\/2012\/09\/2Cello.jpg 640w\" sizes=\"auto, (max-width: 300px) 100vw, 300px\" \/><\/a> <a href=\"http:\/\/dimitroff-geigen.de\/wp-content\/uploads\/2012\/09\/3Cello.jpg\"><img loading=\"lazy\" decoding=\"async\" class=\"alignleft size-medium wp-image-158\" src=\"http:\/\/dimitroff-geigen.de\/wp-content\/uploads\/2012\/09\/3Cello-300x225.jpg\" alt=\"3Cello\" width=\"300\" height=\"225\" srcset=\"http:\/\/dimitroff-geigen.de\/wp-content\/uploads\/2012\/09\/3Cello-300x225.jpg 300w, http:\/\/dimitroff-geigen.de\/wp-content\/uploads\/2012\/09\/3Cello.jpg 640w\" sizes=\"auto, (max-width: 300px) 100vw, 300px\" \/><\/a> <a href=\"http:\/\/dimitroff-geigen.de\/wp-content\/uploads\/2012\/09\/Cello1.jpg\"><img loading=\"lazy\" decoding=\"async\" class=\"alignright size-medium wp-image-159\" src=\"http:\/\/dimitroff-geigen.de\/wp-content\/uploads\/2012\/09\/Cello1-300x225.jpg\" alt=\"Cello1\" width=\"300\" height=\"225\" srcset=\"http:\/\/dimitroff-geigen.de\/wp-content\/uploads\/2012\/09\/Cello1-300x225.jpg 300w, http:\/\/dimitroff-geigen.de\/wp-content\/uploads\/2012\/09\/Cello1.jpg 640w\" sizes=\"auto, (max-width: 300px) 100vw, 300px\" \/><\/a><\/p>\n<p>&nbsp;<\/p>\n<p>&nbsp;<\/p>\n<p>&nbsp;<\/p>\n<p>&nbsp;<\/p>\n<p>&nbsp;<\/p>\n<p>&nbsp;<\/p>\n<p>&#8211; vom h\u00e4ufigen \u00d6ffnen zerfranste Deckenr\u00e4nder und ein schlecht passender Ri\u00dfklotz, der seine Funktion nicht mehr erf\u00fcllt. Der Ri\u00df war offen.<\/p>\n<p>&nbsp;<\/p>\n<p>&nbsp;<\/p>\n<p>&nbsp;<\/p>\n<p>Hier eine Stelle am Rand: \u00a0die Me\u00dfuhr zeigt 2,5 mm. Das Holz sollte hier etwa doppelt so dick sein.<\/p>\n<p>&nbsp;<\/p>\n<p>&nbsp;<\/p>\n<p>Nachdem der Riss sicher geleimt war, habe ich ein Gipsform f\u00fcr die Decke angefertigt.<\/p>\n<p><img loading=\"lazy\" decoding=\"async\" class=\"alignright size-medium wp-image-162\" src=\"http:\/\/dimitroff-geigen.de\/wp-content\/uploads\/2012\/09\/DSC04069_2-300x225.jpg\" alt=\"DSC04069_2\" width=\"300\" height=\"225\" srcset=\"http:\/\/dimitroff-geigen.de\/wp-content\/uploads\/2012\/09\/DSC04069_2-300x225.jpg 300w, http:\/\/dimitroff-geigen.de\/wp-content\/uploads\/2012\/09\/DSC04069_2.jpg 640w\" sizes=\"auto, (max-width: 300px) 100vw, 300px\" \/><\/p>\n<p>Hier sieht man die Gipsform mit einer Drahtarmierung.<\/p>\n<p>&nbsp;<\/p>\n<p>&nbsp;<\/p>\n<p>&nbsp;<\/p>\n<p><a href=\"http:\/\/dimitroff-geigen.de\/wp-content\/uploads\/2012\/09\/DSC04107.jpg\"><img loading=\"lazy\" decoding=\"async\" class=\"alignright size-medium wp-image-163\" src=\"http:\/\/dimitroff-geigen.de\/wp-content\/uploads\/2012\/09\/DSC04107-300x225.jpg\" alt=\"DSC04107\" width=\"300\" height=\"225\" srcset=\"http:\/\/dimitroff-geigen.de\/wp-content\/uploads\/2012\/09\/DSC04107-300x225.jpg 300w, http:\/\/dimitroff-geigen.de\/wp-content\/uploads\/2012\/09\/DSC04107.jpg 640w\" sizes=\"auto, (max-width: 300px) 100vw, 300px\" \/><\/a><\/p>\n<p><img loading=\"lazy\" decoding=\"async\" class=\"alignright size-medium wp-image-164\" src=\"http:\/\/dimitroff-geigen.de\/wp-content\/uploads\/2012\/09\/DSC04108_2-300x225.jpg\" alt=\"DSC04108_2\" width=\"300\" height=\"225\" srcset=\"http:\/\/dimitroff-geigen.de\/wp-content\/uploads\/2012\/09\/DSC04108_2-300x225.jpg 300w, http:\/\/dimitroff-geigen.de\/wp-content\/uploads\/2012\/09\/DSC04108_2.jpg 640w\" sizes=\"auto, (max-width: 300px) 100vw, 300px\" \/><\/p>\n<p>Dann wurden zwei Ri\u00dffutter angefertigt und in die Decke eingepa\u00dft, eins f\u00fcr den Ba\u00dfbalkenri\u00df und dann noch eins f\u00fcr den Stimmri\u00df, der eine Verst\u00e4rkung n\u00f6tig hatte.<\/p>\n<p>&nbsp;<\/p>\n<p>Dann folgte die Randverst\u00e4rkung. Gesundes Holz f\u00fcr den arg l\u00e4dierten Rand des franz\u00f6sischen Cellos.<\/p>\n<p>&nbsp;<\/p>\n<p>Zum Schlu\u00df bekam das Cello noch einen neuen Bassbalken.<\/p>\n<p>&nbsp;<\/p>\n<p>&nbsp;<\/p>\n<p>&nbsp;<\/p>\n<p>&nbsp;<\/p>\n<p>Meine\u00a0Werkstatt liegt im sch\u00f6nen Berliner Bezirk Pankow, in einer ruhigen Seitenstra\u00dfe direkt neben dem Rathaus.<\/p>\n<p><a href=\"http:\/\/dimitroff-geigen.de\/?attachment_id=92\" rel=\"attachment wp-att-92\"><img loading=\"lazy\" decoding=\"async\" class=\"alignleft size-medium wp-image-92\" title=\"DSC02071\" src=\"http:\/\/dimitroff-geigen.de\/wp-content\/uploads\/2012\/09\/DSC02071-300x225.jpg\" alt=\"\" width=\"300\" height=\"225\" srcset=\"http:\/\/dimitroff-geigen.de\/wp-content\/uploads\/2012\/09\/DSC02071-300x225.jpg 300w, http:\/\/dimitroff-geigen.de\/wp-content\/uploads\/2012\/09\/DSC02071.jpg 640w\" sizes=\"auto, (max-width: 300px) 100vw, 300px\" \/><\/a><\/p>\n<p>Die Schwerpunkte meiner Arbeit sind der Neubau \u2013 angelehnt an die gro\u00dfen italienischen Meister \u2013 und die Restauration alter Streichinstrumente.<\/p>\n<p>&nbsp;<\/p>\n<p>&nbsp;<\/p>\n<p>Ausserdem f\u00fchre ich Reparaturen an Instrumenten und B\u00f6gen durch, fertige Bogenbez\u00fcge und mache Klangeinstellungen in Abstimmung mit dem Musiker.<\/p>\n<p><a href=\"http:\/\/dimitroff-geigen.de\/?attachment_id=102\" rel=\"attachment wp-att-102\"><img loading=\"lazy\" decoding=\"async\" class=\"alignleft size-medium wp-image-102\" title=\"Bogenhaare k\u00e4mmen\" src=\"http:\/\/dimitroff-geigen.de\/wp-content\/uploads\/2012\/09\/DSC_4594-300x199.jpg\" alt=\"\" width=\"300\" height=\"199\" srcset=\"http:\/\/dimitroff-geigen.de\/wp-content\/uploads\/2012\/09\/DSC_4594-300x199.jpg 300w, http:\/\/dimitroff-geigen.de\/wp-content\/uploads\/2012\/09\/DSC_4594.jpg 640w\" sizes=\"auto, (max-width: 300px) 100vw, 300px\" \/><\/a><\/p>\n<p>In meiner Werkstatt finden Sie auch eine Auswahl ausgesuchter Sch\u00fcler- und Meisterinstrumente und B\u00f6gen.<\/p>\n<p>&nbsp;<\/p>\n","protected":false},"excerpt":{"rendered":"<p>Der dunkle alte B\u00f6hme singt wieder &#8211; eine lange Reparaturgeschichte hat nun ihr gl\u00fcckliches Ende gefunden Dieser Kontrabass hat im Laufe seines fast 2oo j\u00e4hrigen Lebens einiges erlebt\u00a0und [..]<\/p>\n","protected":false},"author":1,"featured_media":43,"parent":0,"menu_order":0,"comment_status":"open","ping_status":"open","template":"","meta":{"footnotes":""},"class_list":["post-2","page","type-page","status-publish","has-post-thumbnail","hentry"],"_links":{"self":[{"href":"http:\/\/dimitroff-geigen.de\/index.php?rest_route=\/wp\/v2\/pages\/2","targetHints":{"allow":["GET"]}}],"collection":[{"href":"http:\/\/dimitroff-geigen.de\/index.php?rest_route=\/wp\/v2\/pages"}],"about":[{"href":"http:\/\/dimitroff-geigen.de\/index.php?rest_route=\/wp\/v2\/types\/page"}],"author":[{"embeddable":true,"href":"http:\/\/dimitroff-geigen.de\/index.php?rest_route=\/wp\/v2\/users\/1"}],"replies":[{"embeddable":true,"href":"http:\/\/dimitroff-geigen.de\/index.php?rest_route=%2Fwp%2Fv2%2Fcomments&post=2"}],"version-history":[{"count":20,"href":"http:\/\/dimitroff-geigen.de\/index.php?rest_route=\/wp\/v2\/pages\/2\/revisions"}],"predecessor-version":[{"id":286,"href":"http:\/\/dimitroff-geigen.de\/index.php?rest_route=\/wp\/v2\/pages\/2\/revisions\/286"}],"wp:featuredmedia":[{"embeddable":true,"href":"http:\/\/dimitroff-geigen.de\/index.php?rest_route=\/wp\/v2\/media\/43"}],"wp:attachment":[{"href":"http:\/\/dimitroff-geigen.de\/index.php?rest_route=%2Fwp%2Fv2%2Fmedia&parent=2"}],"curies":[{"name":"wp","href":"https:\/\/api.w.org\/{rel}","templated":true}]}}