{"id":325,"date":"2016-11-07T13:59:09","date_gmt":"2016-11-07T13:59:09","guid":{"rendered":"http:\/\/dimitroff-geigen.de\/?page_id=325"},"modified":"2016-11-07T14:00:15","modified_gmt":"2016-11-07T14:00:15","slug":"neubau","status":"publish","type":"page","link":"http:\/\/dimitroff-geigen.de\/?page_id=325","title":{"rendered":"Neubau"},"content":{"rendered":"<p><a href=\"http:\/\/dimitroff-geigen.de\/?attachment_id=97\" rel=\"attachment wp-att-97\"><img loading=\"lazy\" decoding=\"async\" class=\"aligncenter size-medium wp-image-97\" src=\"http:\/\/dimitroff-geigen.de\/wp-content\/uploads\/2012\/09\/DSC02714-225x300.jpg\" alt=\"DSC02714\" width=\"225\" height=\"300\" srcset=\"http:\/\/dimitroff-geigen.de\/wp-content\/uploads\/2012\/09\/DSC02714-225x300.jpg 225w, http:\/\/dimitroff-geigen.de\/wp-content\/uploads\/2012\/09\/DSC02714.jpg 480w\" sizes=\"auto, (max-width: 225px) 100vw, 225px\" \/><\/a>Mein besonderer Stolz ist das Holz f\u00fcr meine Instrumente: es stammt aus den Hochlagen der Alpen und ist zwischen 40 und 80 Jahre alt, teilweise sogar \u00e4lter als 100 Jahre. Ich verwende eigene Modelle, die sich nat\u00fcrlich an den Instrumenten aus der Hochphase der italienischen Geigenbaukunst im 17. bis 18. Jahrhundert orientieren, jedoch auf die heutigen Bed\u00fcrfnisse und H\u00f6rgewohnheiten hin von mir entwickelt wurden.<\/p>\n","protected":false},"excerpt":{"rendered":"<p>Mein besonderer Stolz ist das Holz f\u00fcr meine Instrumente: es stammt aus den Hochlagen der Alpen und ist zwischen 40 und 80 Jahre alt, teilweise sogar \u00e4lter als [..]<\/p>\n","protected":false},"author":1,"featured_media":0,"parent":0,"menu_order":0,"comment_status":"closed","ping_status":"closed","template":"","meta":{"footnotes":""},"class_list":["post-325","page","type-page","status-publish","hentry"],"_links":{"self":[{"href":"http:\/\/dimitroff-geigen.de\/index.php?rest_route=\/wp\/v2\/pages\/325","targetHints":{"allow":["GET"]}}],"collection":[{"href":"http:\/\/dimitroff-geigen.de\/index.php?rest_route=\/wp\/v2\/pages"}],"about":[{"href":"http:\/\/dimitroff-geigen.de\/index.php?rest_route=\/wp\/v2\/types\/page"}],"author":[{"embeddable":true,"href":"http:\/\/dimitroff-geigen.de\/index.php?rest_route=\/wp\/v2\/users\/1"}],"replies":[{"embeddable":true,"href":"http:\/\/dimitroff-geigen.de\/index.php?rest_route=%2Fwp%2Fv2%2Fcomments&post=325"}],"version-history":[{"count":3,"href":"http:\/\/dimitroff-geigen.de\/index.php?rest_route=\/wp\/v2\/pages\/325\/revisions"}],"predecessor-version":[{"id":416,"href":"http:\/\/dimitroff-geigen.de\/index.php?rest_route=\/wp\/v2\/pages\/325\/revisions\/416"}],"wp:attachment":[{"href":"http:\/\/dimitroff-geigen.de\/index.php?rest_route=%2Fwp%2Fv2%2Fmedia&parent=325"}],"curies":[{"name":"wp","href":"https:\/\/api.w.org\/{rel}","templated":true}]}}