{"id":333,"date":"2016-11-09T13:56:01","date_gmt":"2016-11-09T13:56:01","guid":{"rendered":"http:\/\/dimitroff-geigen.de\/?page_id=333"},"modified":"2018-03-29T20:12:15","modified_gmt":"2018-03-29T20:12:15","slug":"referenzen","status":"publish","type":"page","link":"http:\/\/dimitroff-geigen.de\/?page_id=333","title":{"rendered":"Referenzen"},"content":{"rendered":"<p>Douglas Vist\u00e8l, Duo\u00a0 Cello Capriccioso<\/p>\n<p>Friedemann Ludwig, Solocellist des Konzerthausorchesters Berlin<\/p>\n<p><span style=\"text-decoration: underline;\">Aristide Du Plessis (S\u00fcdafrika)<\/span><\/p>\n<p>&#8220;Julia, the bridge works VERY WELL! Now my cello&#8217;s sound is nice and velvety, but at the same time, as solid as a rock! The setup\/playability &#8211; BRAVO! I really love the way that there is still place on the fingerboard on the A+C strings! wonderful 5ths! I&#8217;m very, very pleased!<\/p>\n<p>The most honest Luthier I have ever met!\u00a0 I have never had a Luthier go into the next room, listen to my cello, then play my cello HERSELF, and then tell me what the cello needs and WHY. Wish I lived in Berlin for THIS reason!<br \/>\nThe cello sounds truly GREAT. Strong, not &#8216;loud&#8217; or &#8216;piercing&#8217;, but nice and round.<\/p>\n<p><span style=\"text-decoration: underline;\">Robert Beckmann Berlin, (Geiger u. S\u00e4nger bei Gr\u00fc\u00dfaugust und Ex Inchtabokatables)<\/span><\/p>\n<p>&#8220;Die Geigenbauerin meiner Wahl.&#8221;<\/p>\n<p><span style=\"text-decoration: underline;\">Sylvia Eulitz,\u00a0 Berlin, Solocellistin Staatstheater Cottbus, Axel Prahl und das Inselorchester:<\/span><\/p>\n<p>&#8220;ein wunderbares Cello . . . &#8221;<\/p>\n<p><span style=\"text-decoration: underline;\">Remy Belangert de Beauport, Quebec Kanada, Cellist<\/span><\/p>\n<p>&#8220;great Cello, wonderful strong sound&#8221;<\/p>\n<p>&nbsp;<\/p>\n<p>&nbsp;<\/p>\n","protected":false},"excerpt":{"rendered":"<p>Douglas Vist\u00e8l, Duo\u00a0 Cello Capriccioso Friedemann Ludwig, Solocellist des Konzerthausorchesters Berlin Aristide Du Plessis (S\u00fcdafrika) &#8220;Julia, the bridge works VERY WELL! Now my cello&#8217;s sound is nice and [..]<\/p>\n","protected":false},"author":1,"featured_media":0,"parent":0,"menu_order":0,"comment_status":"closed","ping_status":"closed","template":"","meta":{"footnotes":""},"class_list":["post-333","page","type-page","status-publish","hentry"],"_links":{"self":[{"href":"http:\/\/dimitroff-geigen.de\/index.php?rest_route=\/wp\/v2\/pages\/333","targetHints":{"allow":["GET"]}}],"collection":[{"href":"http:\/\/dimitroff-geigen.de\/index.php?rest_route=\/wp\/v2\/pages"}],"about":[{"href":"http:\/\/dimitroff-geigen.de\/index.php?rest_route=\/wp\/v2\/types\/page"}],"author":[{"embeddable":true,"href":"http:\/\/dimitroff-geigen.de\/index.php?rest_route=\/wp\/v2\/users\/1"}],"replies":[{"embeddable":true,"href":"http:\/\/dimitroff-geigen.de\/index.php?rest_route=%2Fwp%2Fv2%2Fcomments&post=333"}],"version-history":[{"count":4,"href":"http:\/\/dimitroff-geigen.de\/index.php?rest_route=\/wp\/v2\/pages\/333\/revisions"}],"predecessor-version":[{"id":380,"href":"http:\/\/dimitroff-geigen.de\/index.php?rest_route=\/wp\/v2\/pages\/333\/revisions\/380"}],"wp:attachment":[{"href":"http:\/\/dimitroff-geigen.de\/index.php?rest_route=%2Fwp%2Fv2%2Fmedia&parent=333"}],"curies":[{"name":"wp","href":"https:\/\/api.w.org\/{rel}","templated":true}]}}