{"id":49,"date":"2012-09-11T10:19:38","date_gmt":"2012-09-11T10:19:38","guid":{"rendered":"http:\/\/dimitroff-geigen.de\/?page_id=49"},"modified":"2018-08-02T16:54:05","modified_gmt":"2018-08-02T16:54:05","slug":"verleih","status":"publish","type":"page","link":"http:\/\/dimitroff-geigen.de\/?page_id=49","title":{"rendered":"Verleih"},"content":{"rendered":"<p>Zum Verleih finden Sie\u00a0in meiner Werkstatt handgefertigte Instrumente f\u00fcr verschiedene Anspr\u00fcche, von Geige, Bratsche, Cello bis Kontrabass, vom Sch\u00fclerinstrument bis zu Instrumenten f\u00fcr den professionellen Anspruch:\u00a0f\u00fcr Studierende,\u00a0\u00a0Orchestermusiker oder f\u00fcr den Soloeinsatz.<\/p>\n<p>Falls Ihr Instrument z. B. durch einen Schaden kurzfristig nicht einsetzbar ist, k\u00f6nnen Sie bei mir ein Instrument auch\u00a0kurzfristig nur f\u00fcr einige Tage ausleihen.<\/p>\n<p>Auch\u00a0f\u00fcr die kleinen Musiker ist es wichtig, ein gut klingendes und spielbares Instrument in der Hand zu haben. Deshalb biete ich in meiner Werkstatt hochwertige handgefertigte und von mir selbst eingestellte Instrumente an. Jedes Instrument ist mit von mir angepa\u00dftem Steg und Stimme ausgestattet und hat einen leichtg\u00e4ngigen Feinstimmsaitenhalter.<\/p>\n<p>Mietpreise f\u00fcr einen Monat inclusive Bogen und Etui f\u00fcr Manufakturinstrumente aus Europa und inclusive Versicherung:<\/p>\n<p>1\/16 Geige &#8211; 3\/4 Geige\u00a0 &#8211;\u00a0 ab 25,00 \u20ac<\/p>\n<p>Bratsche 38er bis 42er Mensur\u00a0 &#8211;\u00a0\u00a0 ab 30,00 \u20ac<\/p>\n<p>Cello 1\/4 &#8211; 3\/4\u00a0\u00a0\u00a0 &#8211;\u00a0\u00a0 ab 35,00 \u20ac<\/p>\n<p>Sie k\u00f6nnen bei mir auch sehr sch\u00f6ne \u00e4ltere teils \u00fcber 100-j\u00e4hrige kleine Geigen und Celli, sowie herausragende Meister-Instrumente ausleihen. Fragen Sie mich danach. Der Mietpreis betr\u00e4gt dann zwischen 0,8% und 1,5 % vom Wert des Instrumentes. Diese Instrumente k\u00f6nnen Sie bei mir nat\u00fcrlich auch versichern lassen. Ich berate Sie gern.<\/p>\n<p>Sollten Sie sich zum Kauf eines gemieteten hochwertigen Instrumentes entschlie\u00dfen, rechne ich Ihnen je nach Qualit\u00e4t bis zu 50% einer Jahresmiete auf den Kaufpreis an.<\/p>\n<p>&nbsp;<\/p>\n","protected":false},"excerpt":{"rendered":"<p>Zum Verleih finden Sie\u00a0in meiner Werkstatt handgefertigte Instrumente f\u00fcr verschiedene Anspr\u00fcche, von Geige, Bratsche, Cello bis Kontrabass, vom Sch\u00fclerinstrument bis zu Instrumenten f\u00fcr den professionellen Anspruch:\u00a0f\u00fcr Studierende,\u00a0\u00a0Orchestermusiker oder [..]<\/p>\n","protected":false},"author":1,"featured_media":0,"parent":0,"menu_order":0,"comment_status":"open","ping_status":"open","template":"","meta":{"footnotes":""},"class_list":["post-49","page","type-page","status-publish","hentry"],"_links":{"self":[{"href":"http:\/\/dimitroff-geigen.de\/index.php?rest_route=\/wp\/v2\/pages\/49","targetHints":{"allow":["GET"]}}],"collection":[{"href":"http:\/\/dimitroff-geigen.de\/index.php?rest_route=\/wp\/v2\/pages"}],"about":[{"href":"http:\/\/dimitroff-geigen.de\/index.php?rest_route=\/wp\/v2\/types\/page"}],"author":[{"embeddable":true,"href":"http:\/\/dimitroff-geigen.de\/index.php?rest_route=\/wp\/v2\/users\/1"}],"replies":[{"embeddable":true,"href":"http:\/\/dimitroff-geigen.de\/index.php?rest_route=%2Fwp%2Fv2%2Fcomments&post=49"}],"version-history":[{"count":9,"href":"http:\/\/dimitroff-geigen.de\/index.php?rest_route=\/wp\/v2\/pages\/49\/revisions"}],"predecessor-version":[{"id":404,"href":"http:\/\/dimitroff-geigen.de\/index.php?rest_route=\/wp\/v2\/pages\/49\/revisions\/404"}],"wp:attachment":[{"href":"http:\/\/dimitroff-geigen.de\/index.php?rest_route=%2Fwp%2Fv2%2Fmedia&parent=49"}],"curies":[{"name":"wp","href":"https:\/\/api.w.org\/{rel}","templated":true}]}}