{"id":65,"date":"2012-10-14T17:43:50","date_gmt":"2012-10-14T17:43:50","guid":{"rendered":"http:\/\/dimitroff-geigen.de\/?page_id=65"},"modified":"2026-02-06T16:02:39","modified_gmt":"2026-02-06T16:02:39","slug":"meine-instrumente-2","status":"publish","type":"page","link":"http:\/\/dimitroff-geigen.de\/?page_id=65","title":{"rendered":"Instrumente"},"content":{"rendered":"\n<figure class=\"wp-block-image size-large\"><a href=\"http:\/\/dimitroff-geigen.de\/wp-content\/uploads\/2026\/02\/Bild-Storioni-neu-pdf-transparent.jpg\"><img loading=\"lazy\" decoding=\"async\" width=\"1024\" height=\"724\" src=\"http:\/\/dimitroff-geigen.de\/wp-content\/uploads\/2026\/02\/Bild-Storioni-neu-pdf-transparent-1024x724.jpg\" alt=\"\" class=\"wp-image-485\" srcset=\"http:\/\/dimitroff-geigen.de\/wp-content\/uploads\/2026\/02\/Bild-Storioni-neu-pdf-transparent-1024x724.jpg 1024w, http:\/\/dimitroff-geigen.de\/wp-content\/uploads\/2026\/02\/Bild-Storioni-neu-pdf-transparent-300x212.jpg 300w, http:\/\/dimitroff-geigen.de\/wp-content\/uploads\/2026\/02\/Bild-Storioni-neu-pdf-transparent-768x543.jpg 768w, http:\/\/dimitroff-geigen.de\/wp-content\/uploads\/2026\/02\/Bild-Storioni-neu-pdf-transparent-1536x1086.jpg 1536w, http:\/\/dimitroff-geigen.de\/wp-content\/uploads\/2026\/02\/Bild-Storioni-neu-pdf-transparent-2048x1447.jpg 2048w\" sizes=\"auto, (max-width: 1024px) 100vw, 1024px\" \/><\/a><\/figure>\n\n\n\n<p>Probespiel auf Anfrage <\/p>\n\n\n\n<figure class=\"wp-block-image size-large\"><a href=\"http:\/\/dimitroff-geigen.de\/wp-content\/uploads\/2024\/12\/Cello-Julia-2-3-Front-Schnecke-Back-scaled.jpg\"><img loading=\"lazy\" decoding=\"async\" width=\"1024\" height=\"724\" src=\"http:\/\/dimitroff-geigen.de\/wp-content\/uploads\/2024\/12\/Cello-Julia-2-3-Front-Schnecke-Back-1024x724.jpg\" alt=\"\" class=\"wp-image-452\" srcset=\"http:\/\/dimitroff-geigen.de\/wp-content\/uploads\/2024\/12\/Cello-Julia-2-3-Front-Schnecke-Back-1024x724.jpg 1024w, http:\/\/dimitroff-geigen.de\/wp-content\/uploads\/2024\/12\/Cello-Julia-2-3-Front-Schnecke-Back-300x212.jpg 300w, http:\/\/dimitroff-geigen.de\/wp-content\/uploads\/2024\/12\/Cello-Julia-2-3-Front-Schnecke-Back-768x543.jpg 768w, http:\/\/dimitroff-geigen.de\/wp-content\/uploads\/2024\/12\/Cello-Julia-2-3-Front-Schnecke-Back-1536x1086.jpg 1536w, http:\/\/dimitroff-geigen.de\/wp-content\/uploads\/2024\/12\/Cello-Julia-2-3-Front-Schnecke-Back-2048x1448.jpg 2048w\" sizes=\"auto, (max-width: 1024px) 100vw, 1024px\" \/><\/a><\/figure>\n\n\n\n<p>Cello von Julia Dimitroff aus dem Jahr 2017<br>Erstklassiges Solisten-Instrument mit exzellentem Klang <br>leuchtend orange-brauner Lack auf hellem Grund, feinste Holzauswahl<br>strahlende H\u00f6hen und voller dunkler Bass, durchsetzungsf\u00e4hig mit guter Projektion<br>beste Spieleigenschaften  &#8211; VB: 32.000,00 \u20ac<\/p>\n\n\n\n<figure class=\"wp-block-image size-large\"><a href=\"http:\/\/dimitroff-geigen.de\/wp-content\/uploads\/2025\/01\/jpg-C.-Vollendorf-fbs-Z.-o.-Text.jpg\"><img loading=\"lazy\" decoding=\"async\" width=\"1024\" height=\"724\" src=\"http:\/\/dimitroff-geigen.de\/wp-content\/uploads\/2025\/01\/jpg-C.-Vollendorf-fbs-Z.-o.-Text-1024x724.jpg\" alt=\"\" class=\"wp-image-457\" srcset=\"http:\/\/dimitroff-geigen.de\/wp-content\/uploads\/2025\/01\/jpg-C.-Vollendorf-fbs-Z.-o.-Text-1024x724.jpg 1024w, http:\/\/dimitroff-geigen.de\/wp-content\/uploads\/2025\/01\/jpg-C.-Vollendorf-fbs-Z.-o.-Text-300x212.jpg 300w, http:\/\/dimitroff-geigen.de\/wp-content\/uploads\/2025\/01\/jpg-C.-Vollendorf-fbs-Z.-o.-Text-768x543.jpg 768w, http:\/\/dimitroff-geigen.de\/wp-content\/uploads\/2025\/01\/jpg-C.-Vollendorf-fbs-Z.-o.-Text-1536x1086.jpg 1536w, http:\/\/dimitroff-geigen.de\/wp-content\/uploads\/2025\/01\/jpg-C.-Vollendorf-fbs-Z.-o.-Text.jpg 1683w\" sizes=\"auto, (max-width: 1024px) 100vw, 1024px\" \/><\/a><\/figure>\n\n\n\n<p>Diese Geige ist ein sch\u00f6nes Zeugnis echter Berliner Tradition im Geigenmacherhandwerk. Die Geige mit  einem sch\u00f6nen \u00d6llack und Geigenzettel ist ein qualit\u00e4tsolle Arbeit von C. Vollendorf aus dem Jahr 1912\/13, Berlin. Eine hu\u0308bsche und ausdruckstarke Violine, die in bester Handarbeit gefertigt wurde und sich durch einen u\u0308berzeugenden Ton auszeichnet. Die kastanienrote Vollackierung hat nur wenige<br>Spielspuren. Der Boden wurde aus einem Stu\u0308ck tief geflammtem Ahorn gearbeitet, die Decke aus fein-mittelj\u00e4hriger Fichte. Der Hals wurde angesch\u00e4ftet. Kraftvoll, klar, offen und resonant ist der Klang dieser rissfrei erhaltenen Berliner Geige, welche mit ihrem schlanken Hals auch gut spielbar fu\u0308r kleine H\u00e4nde ist. <\/p>\n\n\n\n<p>VB: 8.500,00 \u20ac Bei Interesse senden Sie gern eine mail: post@dimitroff-geigen.de, oder rufen Sie an.<\/p>\n\n\n\n<p><strong>Solisteninstrument- Violine: &#8220;Julia Dimitroff, Berlin 2018&#8221;<\/strong><\/p>\n\n\n\n<p>Bodenl\u00e4nge 35,7 cm, ausgesuchtes italienisches Tonholz, Decke aus Haselfichte, nach italienischer Art gespalten und von Hand gefugt, ganzer Boden aus sehr altem abgelagerten Bergahorn, Boden und Zargen und Hals aus demselben Stamm, Griffbrett, Wirbel und Saitenhalter aus feinstem Ebenholz, weicher goldorangefarbener italienischer Lavendel\u00f6llack. Diese Geige \u00fcberzeugt mit der begehrten italienischen Note und einem kraftvollen, gro\u00dfen Klang, der Brillianz, W\u00e4rme und Klarheit vereint, im Diskant strahlend heller, obertonreicher Klang, kr\u00e4ftige volle D- und G-Saite, exzellente und komfortable Spieleigenschaften. eine besondere empfehlung f\u00fcr anspruchsvolle Musiker.  Meine Instrumente stehen Ihnen jederzeit nach Absprache zum Anspielen in meiner Werkstatt zur Verf\u00fcgung. <\/p>\n\n\n\n<p>Preis auf Anfrage, senden Sie gern eine mail: post@dimitroff-geigen.de, oder rufen Sie an<\/p>\n\n\n\n<p><\/p>\n\n\n\n<p><\/p>\n\n\n\n<figure class=\"wp-block-image size-full\"><a href=\"http:\/\/dimitroff-geigen.de\/wp-content\/uploads\/2024\/05\/2018-rotorange-front-back-Schnecke.jpg\"><img loading=\"lazy\" decoding=\"async\" width=\"1000\" height=\"869\" src=\"http:\/\/dimitroff-geigen.de\/wp-content\/uploads\/2024\/05\/2018-rotorange-front-back-Schnecke.jpg\" alt=\"\" class=\"wp-image-437\" srcset=\"http:\/\/dimitroff-geigen.de\/wp-content\/uploads\/2024\/05\/2018-rotorange-front-back-Schnecke.jpg 1000w, http:\/\/dimitroff-geigen.de\/wp-content\/uploads\/2024\/05\/2018-rotorange-front-back-Schnecke-300x261.jpg 300w, http:\/\/dimitroff-geigen.de\/wp-content\/uploads\/2024\/05\/2018-rotorange-front-back-Schnecke-768x667.jpg 768w\" sizes=\"auto, (max-width: 1000px) 100vw, 1000px\" \/><\/a><\/figure>\n\n\n\n<p>Solisteninstrument: <strong>\u201eJulia Dimitroff, Berlin 2018\u201c,<\/strong> Bodenl\u00e4nge 35,5 cm, altes 70 Jahre gelagertes italienisches Tonholz, ganzer geflammter Boden, goldorangefarbener italienischer Lavendel\u00f6lack, au\u00dfergew\u00f6hnlich starker, gro\u00dfer und strahlend heller charaktervoller Klang, dessen Facettenreichtum anspruchsvollen Solisten weite Interpretationsm\u00f6glichkeiten, angenehm zu spielen, ausgezeichnete Spielbarkeit &#8211; Preis auf Anfrage, senden Sie gern eine mail: post@dimitroff-geigen.de<\/p>\n\n\n\n<p>Soloist&#8217;s instrument: &#8220;Julia Dimitroff, Berlin 2018&#8221;, back length 35.5 cm, old Italian tonewood stored for 70 years, entire flamed back, golden-orange Italian lavender oil varnish, exceptionally strong, large and radiantly bright characterful sound, the multifaceted nature of which offers demanding soloists a wide range of interpretation options, pleasant play, excellent playability &#8211; price on request, please send an email: post@dimitroff-geigen.de<\/p>\n\n\n\n<figure class=\"wp-block-image size-large\"><a href=\"http:\/\/dimitroff-geigen.de\/wp-content\/uploads\/2024\/05\/2018-orange-front-back-scaled.jpg\"><img loading=\"lazy\" decoding=\"async\" width=\"1024\" height=\"890\" src=\"http:\/\/dimitroff-geigen.de\/wp-content\/uploads\/2024\/05\/2018-orange-front-back-1024x890.jpg\" alt=\"\" class=\"wp-image-432\" srcset=\"http:\/\/dimitroff-geigen.de\/wp-content\/uploads\/2024\/05\/2018-orange-front-back-1024x890.jpg 1024w, http:\/\/dimitroff-geigen.de\/wp-content\/uploads\/2024\/05\/2018-orange-front-back-300x261.jpg 300w, http:\/\/dimitroff-geigen.de\/wp-content\/uploads\/2024\/05\/2018-orange-front-back-768x668.jpg 768w, http:\/\/dimitroff-geigen.de\/wp-content\/uploads\/2024\/05\/2018-orange-front-back-1536x1335.jpg 1536w, http:\/\/dimitroff-geigen.de\/wp-content\/uploads\/2024\/05\/2018-orange-front-back-2048x1781.jpg 2048w\" sizes=\"auto, (max-width: 1024px) 100vw, 1024px\" \/><\/a><\/figure>\n\n\n\n<figure class=\"wp-block-image\"><img loading=\"lazy\" decoding=\"async\" width=\"1024\" height=\"666\" src=\"http:\/\/dimitroff-geigen.de\/wp-content\/uploads\/2019\/03\/DSC0099-1024x666.jpg\" alt=\"\" class=\"wp-image-410\" srcset=\"http:\/\/dimitroff-geigen.de\/wp-content\/uploads\/2019\/03\/DSC0099-1024x666.jpg 1024w, http:\/\/dimitroff-geigen.de\/wp-content\/uploads\/2019\/03\/DSC0099-300x195.jpg 300w, http:\/\/dimitroff-geigen.de\/wp-content\/uploads\/2019\/03\/DSC0099-768x499.jpg 768w\" sizes=\"auto, (max-width: 1024px) 100vw, 1024px\" \/><figcaption class=\"wp-element-caption\">Meine j\u00fcngste Geige. Sie hatte bereits im Februar einen kurzen n\u00e4chtlichen Auftritt im Gro\u00dfen Saal des Berliner Konzerthauses am Gendarmentmarkt. Danke Markolf Ehrig, 1. Violionist des KHO.<br><br><\/figcaption><\/figure>\n\n\n","protected":false},"excerpt":{"rendered":"<p>Probespiel auf Anfrage Cello von Julia Dimitroff aus dem Jahr 2017Erstklassiges Solisten-Instrument mit exzellentem Klang leuchtend orange-brauner Lack auf hellem Grund, feinste Holzauswahlstrahlende H\u00f6hen und voller dunkler Bass, [..]<\/p>\n","protected":false},"author":1,"featured_media":281,"parent":0,"menu_order":0,"comment_status":"open","ping_status":"closed","template":"","meta":{"footnotes":""},"class_list":["post-65","page","type-page","status-publish","has-post-thumbnail","hentry"],"_links":{"self":[{"href":"http:\/\/dimitroff-geigen.de\/index.php?rest_route=\/wp\/v2\/pages\/65","targetHints":{"allow":["GET"]}}],"collection":[{"href":"http:\/\/dimitroff-geigen.de\/index.php?rest_route=\/wp\/v2\/pages"}],"about":[{"href":"http:\/\/dimitroff-geigen.de\/index.php?rest_route=\/wp\/v2\/types\/page"}],"author":[{"embeddable":true,"href":"http:\/\/dimitroff-geigen.de\/index.php?rest_route=\/wp\/v2\/users\/1"}],"replies":[{"embeddable":true,"href":"http:\/\/dimitroff-geigen.de\/index.php?rest_route=%2Fwp%2Fv2%2Fcomments&post=65"}],"version-history":[{"count":96,"href":"http:\/\/dimitroff-geigen.de\/index.php?rest_route=\/wp\/v2\/pages\/65\/revisions"}],"predecessor-version":[{"id":487,"href":"http:\/\/dimitroff-geigen.de\/index.php?rest_route=\/wp\/v2\/pages\/65\/revisions\/487"}],"wp:featuredmedia":[{"embeddable":true,"href":"http:\/\/dimitroff-geigen.de\/index.php?rest_route=\/wp\/v2\/media\/281"}],"wp:attachment":[{"href":"http:\/\/dimitroff-geigen.de\/index.php?rest_route=%2Fwp%2Fv2%2Fmedia&parent=65"}],"curies":[{"name":"wp","href":"https:\/\/api.w.org\/{rel}","templated":true}]}}